{"id":9869,"date":"2023-06-07T11:25:04","date_gmt":"2023-06-07T03:25:04","guid":{"rendered":"https:\/\/www.everbeauting.com\/?post_type=product&#038;p=9869"},"modified":"2023-06-07T11:32:57","modified_gmt":"2023-06-07T03:32:57","slug":"jet-black-flat-weft","status":"publish","type":"product","link":"https:\/\/www.everbeauting.com\/es\/product\/jet-black-flat-weft","title":{"rendered":"Trama plana negro azabache"},"content":{"rendered":"<p><strong>Trama plana negro azabache, tramas planas cl\u00e1sicas, trama plana de cabello humano negro azabache<\/strong><\/p>\n<p><strong>La trama plana garantiza la m\u00e1xima comodidad y discreci\u00f3n, y puede aplicarse mediante t\u00e9cnicas de trenzado, microanillos y costura.<\/strong><\/p>\n<p>Nombre del producto : Tramas de pelo plano Jet Black<\/p>\n<p>Materias primas: trenzas de cabello humano remy 100%<\/p>\n<p>Tipo de cabello: cabello natural<\/p>\n<p>Longitud del cabello: disponible de 14 a 28 pulgadas<\/p>\n<p>Color de pelo: 50 colores en el anillo de color.<\/p>\n<p>Peso del pelo: 100 g por paquete<\/p>\n<p>Hair Ratio:  Doble Dibujo<\/p>\n<p>Caracter\u00edstica: manualidades<\/p>\n<p>Paquete: paquete de f\u00e1brica\/marca de los clientes<\/p>","protected":false},"excerpt":{"rendered":"<p>Negro Azabache Trama plana, tramas planas cl\u00e1sicas, negro azabache cabello humano trama plana La trama plana garantizar\u00e1 el m\u00e1ximo confort y<\/p>","protected":false},"featured_media":9871,"template":"","meta":[],"product_cat":[20,74],"product_tag":[],"class_list":{"0":"post-9869","1":"product","2":"type-product","3":"status-publish","4":"has-post-thumbnail","6":"product_cat-hair-extensions","7":"product_cat-hair-weft-series","9":"first","10":"instock","11":"shipping-taxable","12":"purchasable","13":"product-type-simple"},"_links":{"self":[{"href":"https:\/\/www.everbeauting.com\/es\/wp-json\/wp\/v2\/product\/9869","targetHints":{"allow":["GET"]}}],"collection":[{"href":"https:\/\/www.everbeauting.com\/es\/wp-json\/wp\/v2\/product"}],"about":[{"href":"https:\/\/www.everbeauting.com\/es\/wp-json\/wp\/v2\/types\/product"}],"version-history":[{"count":1,"href":"https:\/\/www.everbeauting.com\/es\/wp-json\/wp\/v2\/product\/9869\/revisions"}],"predecessor-version":[{"id":9875,"href":"https:\/\/www.everbeauting.com\/es\/wp-json\/wp\/v2\/product\/9869\/revisions\/9875"}],"wp:featuredmedia":[{"embeddable":true,"href":"https:\/\/www.everbeauting.com\/es\/wp-json\/wp\/v2\/media\/9871"}],"wp:attachment":[{"href":"https:\/\/www.everbeauting.com\/es\/wp-json\/wp\/v2\/media?parent=9869"}],"wp:term":[{"taxonomy":"product_cat","embeddable":true,"href":"https:\/\/www.everbeauting.com\/es\/wp-json\/wp\/v2\/product_cat?post=9869"},{"taxonomy":"product_tag","embeddable":true,"href":"https:\/\/www.everbeauting.com\/es\/wp-json\/wp\/v2\/product_tag?post=9869"}],"curies":[{"name":"wp","href":"https:\/\/api.w.org\/{rel}","templated":true}]}}