{"id":9878,"date":"2023-06-07T11:50:20","date_gmt":"2023-06-07T03:50:20","guid":{"rendered":"https:\/\/www.everbeauting.com\/?post_type=product&#038;p=9878"},"modified":"2023-06-07T11:57:09","modified_gmt":"2023-06-07T03:57:09","slug":"hand-tied-hair-weft","status":"publish","type":"product","link":"https:\/\/www.everbeauting.com\/es\/product\/trama-de-pelo-atada-a-mano","title":{"rendered":"Trama de pelo atada a mano"},"content":{"rendered":"<p><strong>Trama de pelo atada a mano, Trama de pelo hecha a mano, Trama remy atada a mano<\/strong><\/p>\n<p><strong>Las extensiones de cabello Hand Tied Weft no necesitan cinta, pegamento ni calor para su aplicaci\u00f3n.  Se trata de una colecci\u00f3n de piezas precortadas y cosidas a mano para crear el tama\u00f1o de trama m\u00e1s peque\u00f1o posible. Las tramas atadas a mano se pueden utilizar para a\u00f1adir volumen y longitud, a la vez que se combinan perfectamente con su cabello natural y su textura.<\/strong><\/p>\n<p>Nombre del producto : Tramas de cabello humano atadas a mano<\/p>\n<p>Tama\u00f1o del paquete: 11 pulgadas por unidad y 6 unidades en un paquete<\/p>\n<p>Materias primas: trenzas de cabello humano remy 100%<\/p>\n<p>Tipo de cabello: cabello natural<\/p>\n<p>Longitud del cabello: disponible de 14 a 28 pulgadas<\/p>\n<p>Color de pelo: 50 colores en el anillo de color.<\/p>\n<p>Peso del pelo: 100 g por paquete<\/p>\n<p>Hair Ratio:  Doble Dibujo<\/p>\n<p>Caracter\u00edstica: artesan\u00eda atada puramente a mano<\/p>\n<p>Paquete: paquete de f\u00e1brica\/marca de los clientes<\/p>\n<p>MOQ: 10 paquetes\/color\/longitud<\/p>","protected":false},"excerpt":{"rendered":"<p>Trama de pelo atada a mano, Trama de pelo hecha a mano, Trama de pelo remy atada a mano Trama de pelo atada a mano sin necesidad de cinta adhesiva, pegamento o calor<\/p>","protected":false},"featured_media":9880,"template":"","meta":[],"product_cat":[20,74],"product_tag":[],"class_list":{"0":"post-9878","1":"product","2":"type-product","3":"status-publish","4":"has-post-thumbnail","6":"product_cat-hair-extensions","7":"product_cat-hair-weft-series","9":"first","10":"instock","11":"shipping-taxable","12":"purchasable","13":"product-type-simple"},"_links":{"self":[{"href":"https:\/\/www.everbeauting.com\/es\/wp-json\/wp\/v2\/product\/9878","targetHints":{"allow":["GET"]}}],"collection":[{"href":"https:\/\/www.everbeauting.com\/es\/wp-json\/wp\/v2\/product"}],"about":[{"href":"https:\/\/www.everbeauting.com\/es\/wp-json\/wp\/v2\/types\/product"}],"version-history":[{"count":1,"href":"https:\/\/www.everbeauting.com\/es\/wp-json\/wp\/v2\/product\/9878\/revisions"}],"predecessor-version":[{"id":9884,"href":"https:\/\/www.everbeauting.com\/es\/wp-json\/wp\/v2\/product\/9878\/revisions\/9884"}],"wp:featuredmedia":[{"embeddable":true,"href":"https:\/\/www.everbeauting.com\/es\/wp-json\/wp\/v2\/media\/9880"}],"wp:attachment":[{"href":"https:\/\/www.everbeauting.com\/es\/wp-json\/wp\/v2\/media?parent=9878"}],"wp:term":[{"taxonomy":"product_cat","embeddable":true,"href":"https:\/\/www.everbeauting.com\/es\/wp-json\/wp\/v2\/product_cat?post=9878"},{"taxonomy":"product_tag","embeddable":true,"href":"https:\/\/www.everbeauting.com\/es\/wp-json\/wp\/v2\/product_tag?post=9878"}],"curies":[{"name":"wp","href":"https:\/\/api.w.org\/{rel}","templated":true}]}}