{"id":9885,"date":"2023-06-07T12:08:47","date_gmt":"2023-06-07T04:08:47","guid":{"rendered":"https:\/\/www.everbeauting.com\/?post_type=product&#038;p=9885"},"modified":"2023-06-07T12:14:14","modified_gmt":"2023-06-07T04:14:14","slug":"piano-color-hand-tied-weft","status":"publish","type":"product","link":"https:\/\/www.everbeauting.com\/es\/product\/trama-atada-a-mano-color-piano","title":{"rendered":"Trama atada a mano color piano"},"content":{"rendered":"<p><strong>Piano Color Hand-tied Hair weft, Piano Color Handmade hair weft, Piano Color remy hand-tied weft<\/strong><\/p>\n<p><strong><span class=\"keyword_only_wrap kw_1\">Extensiones de pelo atadas a mano<\/span> son extensiones de cinta hechas a mano, m\u00e1s finas y de aspecto m\u00e1s natural. Se cosen f\u00e1cilmente y sin dolor mediante perlas sobre el cabello seco y limpio. Dependiendo de su mantenimiento, pueden durar entre 12 y 18 meses. Las tramas atadas a mano pueden a\u00f1adir gran volumen y longitud a su cabello natural con un da\u00f1o m\u00ednimo.<\/strong><\/p>\n<p>Nombre del producto : Piano Color Hand tied human hair wefts<\/p>\n<p>Tama\u00f1o del paquete: 11 pulgadas por unidad y 6 unidades en un paquete<\/p>\n<p>Materias primas: trenzas de cabello humano remy 100%<\/p>\n<p>Tipo de cabello: cabello natural<\/p>\n<p>Longitud del cabello: disponible de 14 a 28 pulgadas<\/p>\n<p>Color de pelo: 50 colores en el anillo de color.<\/p>\n<p>Peso del pelo: 100 g por paquete<\/p>\n<p>Hair Ratio:  Doble Dibujo<\/p>\n<p>Caracter\u00edstica: artesan\u00eda atada puramente a mano<\/p>\n<p>Paquete: paquete de f\u00e1brica\/marca de los clientes<\/p>\n<p>MOQ: 10 paquetes\/color\/longitud<\/p>","protected":false},"excerpt":{"rendered":"<p>Piano Color Hand-tied Hair weft, Piano Color Handmade hair weft, Piano Color remy hand-tied weft Las extensiones de cabello atadas a mano son<\/p>","protected":false},"featured_media":9886,"template":"","meta":[],"product_cat":[20,74],"product_tag":[],"class_list":{"0":"post-9885","1":"product","2":"type-product","3":"status-publish","4":"has-post-thumbnail","6":"product_cat-hair-extensions","7":"product_cat-hair-weft-series","9":"first","10":"instock","11":"shipping-taxable","12":"purchasable","13":"product-type-simple"},"_links":{"self":[{"href":"https:\/\/www.everbeauting.com\/es\/wp-json\/wp\/v2\/product\/9885","targetHints":{"allow":["GET"]}}],"collection":[{"href":"https:\/\/www.everbeauting.com\/es\/wp-json\/wp\/v2\/product"}],"about":[{"href":"https:\/\/www.everbeauting.com\/es\/wp-json\/wp\/v2\/types\/product"}],"version-history":[{"count":1,"href":"https:\/\/www.everbeauting.com\/es\/wp-json\/wp\/v2\/product\/9885\/revisions"}],"predecessor-version":[{"id":9890,"href":"https:\/\/www.everbeauting.com\/es\/wp-json\/wp\/v2\/product\/9885\/revisions\/9890"}],"wp:featuredmedia":[{"embeddable":true,"href":"https:\/\/www.everbeauting.com\/es\/wp-json\/wp\/v2\/media\/9886"}],"wp:attachment":[{"href":"https:\/\/www.everbeauting.com\/es\/wp-json\/wp\/v2\/media?parent=9885"}],"wp:term":[{"taxonomy":"product_cat","embeddable":true,"href":"https:\/\/www.everbeauting.com\/es\/wp-json\/wp\/v2\/product_cat?post=9885"},{"taxonomy":"product_tag","embeddable":true,"href":"https:\/\/www.everbeauting.com\/es\/wp-json\/wp\/v2\/product_tag?post=9885"}],"curies":[{"name":"wp","href":"https:\/\/api.w.org\/{rel}","templated":true}]}}