{"id":9902,"date":"2023-06-07T14:39:27","date_gmt":"2023-06-07T06:39:27","guid":{"rendered":"https:\/\/www.everbeauting.com\/?post_type=product&#038;p=9902"},"modified":"2023-06-07T14:47:15","modified_gmt":"2023-06-07T06:47:15","slug":"pre-bonded-i-tip-hair","status":"publish","type":"product","link":"https:\/\/www.everbeauting.com\/es\/product\/prebonded-i-tip-hair","title":{"rendered":"Cabello preencolado I Tip"},"content":{"rendered":"<p><strong>Extensiones de cabello Piano Color Fusion I Tip, Extensiones de cabello Piano Color Pre-bonded I Tip\u00a0<\/strong><\/p>\n<p><strong>Las extensiones I-tip, como la mayor\u00eda de las extensiones, no da\u00f1an el cabello natural. No se utiliza adhesivo ni calor, y las cuentas son diminutas y ligeras.<\/strong><\/p>\n<p>Nombre del producto: Pre-bonded I tip Hair Extension<\/p>\n<p>Tama\u00f1o del paquete: 50 hebras por paquete, 2 paquetes por paquete<\/p>\n<p>Materias primas: trenzas de cabello humano remy 100%<\/p>\n<p>Grado de cabello: cabello remy natural<\/p>\n<p>Longitud del cabello: disponible de 14 a 28 pulgadas<\/p>\n<p>Color de pelo: 50 colores en el anillo de color.<\/p>\n<p>Peso del cabello: 0,5 g por mech\u00f3n, 0,7 g por mech\u00f3n, 1 g por mech\u00f3n<\/p>\n<p>Paquete: paquete de f\u00e1brica\/marca de los clientes<\/p>\n<p>MOQ: 20 paquetes\/color\/longitud<\/p>","protected":false},"excerpt":{"rendered":"<p>Piano Color Fusion I Tip Extensiones de cabello, Piano Color Pre-bonded I Tip Extensiones de cabello I-tip El cabello I-tip, como la mayor\u00eda de las otras formas<\/p>","protected":false},"featured_media":9903,"template":"","meta":[],"product_cat":[20,75],"product_tag":[],"class_list":{"0":"post-9902","1":"product","2":"type-product","3":"status-publish","4":"has-post-thumbnail","6":"product_cat-hair-extensions","7":"product_cat-keratin-hair-extensions","9":"first","10":"instock","11":"shipping-taxable","12":"purchasable","13":"product-type-simple"},"_links":{"self":[{"href":"https:\/\/www.everbeauting.com\/es\/wp-json\/wp\/v2\/product\/9902","targetHints":{"allow":["GET"]}}],"collection":[{"href":"https:\/\/www.everbeauting.com\/es\/wp-json\/wp\/v2\/product"}],"about":[{"href":"https:\/\/www.everbeauting.com\/es\/wp-json\/wp\/v2\/types\/product"}],"version-history":[{"count":1,"href":"https:\/\/www.everbeauting.com\/es\/wp-json\/wp\/v2\/product\/9902\/revisions"}],"predecessor-version":[{"id":9906,"href":"https:\/\/www.everbeauting.com\/es\/wp-json\/wp\/v2\/product\/9902\/revisions\/9906"}],"wp:featuredmedia":[{"embeddable":true,"href":"https:\/\/www.everbeauting.com\/es\/wp-json\/wp\/v2\/media\/9903"}],"wp:attachment":[{"href":"https:\/\/www.everbeauting.com\/es\/wp-json\/wp\/v2\/media?parent=9902"}],"wp:term":[{"taxonomy":"product_cat","embeddable":true,"href":"https:\/\/www.everbeauting.com\/es\/wp-json\/wp\/v2\/product_cat?post=9902"},{"taxonomy":"product_tag","embeddable":true,"href":"https:\/\/www.everbeauting.com\/es\/wp-json\/wp\/v2\/product_tag?post=9902"}],"curies":[{"name":"wp","href":"https:\/\/api.w.org\/{rel}","templated":true}]}}