{"id":9907,"date":"2023-06-07T14:55:05","date_gmt":"2023-06-07T06:55:05","guid":{"rendered":"https:\/\/www.everbeauting.com\/?post_type=product&#038;p=9907"},"modified":"2023-06-07T15:02:06","modified_gmt":"2023-06-07T07:02:06","slug":"keartin-u-tip-hair","status":"publish","type":"product","link":"https:\/\/www.everbeauting.com\/es\/product\/keartin-u-tip-hair","title":{"rendered":"Keartin U Tip Hair"},"content":{"rendered":"<p><b>Extensiones de cabello en U con queratina, Extensiones de cabello en U pregrabadas, Extensiones de cabello en U de fusi\u00f3n<\/b><\/p>\n<p><strong>Las extensiones de cabello pregrabado con punta en U tienen una cut\u00edcula correcta y se extraen dos veces de un donante, por lo que duran hasta 12-18 meses con un buen cuidado posterior.<\/strong><\/p>\n<p>Marca: Everbeauting<\/p>\n<p>Forma de uni\u00f3n previa: punta en U<\/p>\n<p>Tama\u00f1o del paquete: 50 hebras por paquete, 2 paquetes por paquete<\/p>\n<p>Materias primas: trenzas de cabello humano remy 100%<\/p>\n<p>Grado de cabello: cabello remy natural<\/p>\n<p>Longitud del cabello: disponible de 14 a 28 pulgadas<\/p>\n<p>Color de pelo: 50 colores en el anillo de color.<\/p>\n<p>Peso del cabello: 0,5 g por mech\u00f3n, 0,7 g por mech\u00f3n, 1 g por mech\u00f3n<\/p>\n<p>Paquete: paquete de f\u00e1brica\/marca de los clientes<\/p>\n<p>MOQ: 20 paquetes\/color\/longitud<\/p>","protected":false},"excerpt":{"rendered":"<p>Extensiones de Queratina U Tip, Extensiones de Cabello Pre-ligado U Tip,Extensiones de Cabello U Tip Fusion Las extensiones de cabello preligado U Tip son cut\u00edcula correcta<\/p>","protected":false},"featured_media":9908,"template":"","meta":[],"product_cat":[20,75],"product_tag":[],"class_list":{"0":"post-9907","1":"product","2":"type-product","3":"status-publish","4":"has-post-thumbnail","6":"product_cat-hair-extensions","7":"product_cat-keratin-hair-extensions","9":"first","10":"instock","11":"shipping-taxable","12":"purchasable","13":"product-type-simple"},"_links":{"self":[{"href":"https:\/\/www.everbeauting.com\/es\/wp-json\/wp\/v2\/product\/9907","targetHints":{"allow":["GET"]}}],"collection":[{"href":"https:\/\/www.everbeauting.com\/es\/wp-json\/wp\/v2\/product"}],"about":[{"href":"https:\/\/www.everbeauting.com\/es\/wp-json\/wp\/v2\/types\/product"}],"version-history":[{"count":1,"href":"https:\/\/www.everbeauting.com\/es\/wp-json\/wp\/v2\/product\/9907\/revisions"}],"predecessor-version":[{"id":9912,"href":"https:\/\/www.everbeauting.com\/es\/wp-json\/wp\/v2\/product\/9907\/revisions\/9912"}],"wp:featuredmedia":[{"embeddable":true,"href":"https:\/\/www.everbeauting.com\/es\/wp-json\/wp\/v2\/media\/9908"}],"wp:attachment":[{"href":"https:\/\/www.everbeauting.com\/es\/wp-json\/wp\/v2\/media?parent=9907"}],"wp:term":[{"taxonomy":"product_cat","embeddable":true,"href":"https:\/\/www.everbeauting.com\/es\/wp-json\/wp\/v2\/product_cat?post=9907"},{"taxonomy":"product_tag","embeddable":true,"href":"https:\/\/www.everbeauting.com\/es\/wp-json\/wp\/v2\/product_tag?post=9907"}],"curies":[{"name":"wp","href":"https:\/\/api.w.org\/{rel}","templated":true}]}}