{"id":9913,"date":"2023-06-07T20:28:40","date_gmt":"2023-06-07T12:28:40","guid":{"rendered":"https:\/\/www.everbeauting.com\/?post_type=product&#038;p=9913"},"modified":"2023-06-07T20:45:43","modified_gmt":"2023-06-07T12:45:43","slug":"pre-bonded-flat-tip-hair","status":"publish","type":"product","link":"https:\/\/www.everbeauting.com\/es\/product\/prebonded-flat-tip-hair","title":{"rendered":"Pelo de punta plana preencolado"},"content":{"rendered":"<p><strong>Extensiones de cabello con puntas planas de fusi\u00f3n, Extensiones de cabello con puntas planas preencoladas\u00a0<\/strong><\/p>\n<p><strong>\u00a0Las extensiones Flat Tip est\u00e1n hechas a mano con queratina italiana para garantizar la comodidad, discreci\u00f3n y larga duraci\u00f3n de las extensiones preencoladas. 100% Cabello Humano Doble Tira.<\/strong><\/p>\n<p>Nombre del producto:  Pelo de punta plana preencolado<\/p>\n<p>Forma preencolada: punta plana<\/p>\n<p>Tama\u00f1o del paquete: 50 hebras por paquete, 2 paquetes por paquete<\/p>\n<p>Materias primas: trenzas de cabello humano remy 100%<\/p>\n<p>Grado de cabello: cabello remy natural<\/p>\n<p>Longitud del cabello: disponible de 14 a 28 pulgadas<\/p>\n<p>Color de pelo: 50 colores en el anillo de color.<\/p>\n<p>Peso del pelo: 0,7 g por mech\u00f3n, 1 g por mech\u00f3n<\/p>\n<p>Hair Ratio:  Doble Dibujo<\/p>\n<p>Paquete: paquete de f\u00e1brica\/marca de los clientes<\/p>\n<p>MOQ: 20 paquetes\/color\/longitud<\/p>","protected":false},"excerpt":{"rendered":"<p>Fusion Extensiones de Cabello de Punta Plana, Extensiones de Cabello de Punta Plana pregrabadas Las Extensiones de Cabello de Punta Plana se elaboran a mano con queratina italiana para<\/p>","protected":false},"featured_media":9914,"template":"","meta":[],"product_cat":[20,75],"product_tag":[],"class_list":{"0":"post-9913","1":"product","2":"type-product","3":"status-publish","4":"has-post-thumbnail","6":"product_cat-hair-extensions","7":"product_cat-keratin-hair-extensions","9":"first","10":"instock","11":"shipping-taxable","12":"purchasable","13":"product-type-simple"},"_links":{"self":[{"href":"https:\/\/www.everbeauting.com\/es\/wp-json\/wp\/v2\/product\/9913","targetHints":{"allow":["GET"]}}],"collection":[{"href":"https:\/\/www.everbeauting.com\/es\/wp-json\/wp\/v2\/product"}],"about":[{"href":"https:\/\/www.everbeauting.com\/es\/wp-json\/wp\/v2\/types\/product"}],"version-history":[{"count":1,"href":"https:\/\/www.everbeauting.com\/es\/wp-json\/wp\/v2\/product\/9913\/revisions"}],"predecessor-version":[{"id":9918,"href":"https:\/\/www.everbeauting.com\/es\/wp-json\/wp\/v2\/product\/9913\/revisions\/9918"}],"wp:featuredmedia":[{"embeddable":true,"href":"https:\/\/www.everbeauting.com\/es\/wp-json\/wp\/v2\/media\/9914"}],"wp:attachment":[{"href":"https:\/\/www.everbeauting.com\/es\/wp-json\/wp\/v2\/media?parent=9913"}],"wp:term":[{"taxonomy":"product_cat","embeddable":true,"href":"https:\/\/www.everbeauting.com\/es\/wp-json\/wp\/v2\/product_cat?post=9913"},{"taxonomy":"product_tag","embeddable":true,"href":"https:\/\/www.everbeauting.com\/es\/wp-json\/wp\/v2\/product_tag?post=9913"}],"curies":[{"name":"wp","href":"https:\/\/api.w.org\/{rel}","templated":true}]}}