{"id":9919,"date":"2023-06-07T21:31:07","date_gmt":"2023-06-07T13:31:07","guid":{"rendered":"https:\/\/www.everbeauting.com\/?post_type=product&#038;p=9919"},"modified":"2023-06-07T21:35:26","modified_gmt":"2023-06-07T13:35:26","slug":"keratin-v-tip-hair","status":"publish","type":"product","link":"https:\/\/www.everbeauting.com\/es\/product\/keratin-v-tip-hair","title":{"rendered":"Keratin V Tip Hair"},"content":{"rendered":"<p><strong>Keratin V Tip Hair, Fusion V Tip Hair Extensions, Pre-bonded V-Tip Hair Extensions\u00a0<\/strong><\/p>\n<p><strong>Las puntas en V son un tipo de extensiones pre-fijadas y son ideales para quienes buscan extensiones m\u00e1s permanentes, perfectas para a\u00f1adir volumen y longitud f\u00e1cilmente.<\/strong><\/p>\n<p>Nombre del producto:  Keratin V Tip Cabello<\/p>\n<p>Forma preencolada:  Punta en V<\/p>\n<p>Tama\u00f1o del paquete: 50 hebras por paquete, 2 paquetes por paquete<\/p>\n<p>Materias primas: trenzas de cabello humano remy 100%<\/p>\n<p>Grado de cabello: cabello remy natural<\/p>\n<p>Longitud del cabello: disponible de 14 a 28 pulgadas<\/p>\n<p>Color de pelo: 50 colores en el anillo de color.<\/p>\n<p>Peso del pelo: 0,7 g por mech\u00f3n, 1 g por mech\u00f3n<\/p>\n<p>Hair Ratio:  Doble Dibujo<\/p>\n<p>Paquete: paquete de f\u00e1brica\/marca de los clientes<\/p>\n<p>MOQ: 20 paquetes\/color\/longitud<\/p>","protected":false},"excerpt":{"rendered":"<p>Keratin V Tip Hair, Fusion V Tip Hair Extensions, Pre-bonded V-Tip Hair Extensions Las V-tips son un tipo de extensiones pre-bonded<\/p>","protected":false},"featured_media":9920,"template":"","meta":[],"product_cat":[20,75],"product_tag":[],"class_list":{"0":"post-9919","1":"product","2":"type-product","3":"status-publish","4":"has-post-thumbnail","6":"product_cat-hair-extensions","7":"product_cat-keratin-hair-extensions","9":"first","10":"instock","11":"shipping-taxable","12":"purchasable","13":"product-type-simple"},"_links":{"self":[{"href":"https:\/\/www.everbeauting.com\/es\/wp-json\/wp\/v2\/product\/9919","targetHints":{"allow":["GET"]}}],"collection":[{"href":"https:\/\/www.everbeauting.com\/es\/wp-json\/wp\/v2\/product"}],"about":[{"href":"https:\/\/www.everbeauting.com\/es\/wp-json\/wp\/v2\/types\/product"}],"version-history":[{"count":2,"href":"https:\/\/www.everbeauting.com\/es\/wp-json\/wp\/v2\/product\/9919\/revisions"}],"predecessor-version":[{"id":9925,"href":"https:\/\/www.everbeauting.com\/es\/wp-json\/wp\/v2\/product\/9919\/revisions\/9925"}],"wp:featuredmedia":[{"embeddable":true,"href":"https:\/\/www.everbeauting.com\/es\/wp-json\/wp\/v2\/media\/9920"}],"wp:attachment":[{"href":"https:\/\/www.everbeauting.com\/es\/wp-json\/wp\/v2\/media?parent=9919"}],"wp:term":[{"taxonomy":"product_cat","embeddable":true,"href":"https:\/\/www.everbeauting.com\/es\/wp-json\/wp\/v2\/product_cat?post=9919"},{"taxonomy":"product_tag","embeddable":true,"href":"https:\/\/www.everbeauting.com\/es\/wp-json\/wp\/v2\/product_tag?post=9919"}],"curies":[{"name":"wp","href":"https:\/\/api.w.org\/{rel}","templated":true}]}}