{"id":9924,"date":"2023-06-07T21:42:23","date_gmt":"2023-06-07T13:42:23","guid":{"rendered":"https:\/\/www.everbeauting.com\/?post_type=product&#038;p=9924"},"modified":"2023-06-07T21:52:43","modified_gmt":"2023-06-07T13:52:43","slug":"keratin-fan-tip-hair","status":"publish","type":"product","link":"https:\/\/www.everbeauting.com\/es\/product\/keratin-fan-tip-hair","title":{"rendered":"Keratin Fan Tip Hair"},"content":{"rendered":"<p><strong>Cabello en abanico de queratina, Extensiones de cabello en Y de fusi\u00f3n, Extensiones de cabello en abanico preencoladas\u00a0<\/strong><\/p>\n<p><strong>Las extensiones de pelo en abanico utilizan ganchillos y bucles de silicona para completar r\u00e1pidamente la extensi\u00f3n, son f\u00e1ciles de quitar y reutilizables.<\/strong><\/p>\n<p>Nombre del producto:  Queratina Abanico Punta Pelo<\/p>\n<p>Forma preencolada:  Punta en Y<\/p>\n<p>Tama\u00f1o del paquete: 50 hebras por paquete, 2 paquetes por paquete<\/p>\n<p>Materias primas: trenzas de cabello humano remy 100%<\/p>\n<p>Grado de cabello: cabello remy natural<\/p>\n<p>Longitud del cabello: disponible de 14 a 28 pulgadas<\/p>\n<p>Color de pelo: 50 colores en el anillo de color.<\/p>\n<p>Peso del pelo: 0,7 g por mech\u00f3n, 1 g por mech\u00f3n<\/p>\n<p>Hair Ratio:  Doble Dibujo<\/p>\n<p>Paquete: paquete de f\u00e1brica\/marca de los clientes<\/p>\n<p>MOQ: 20 paquetes\/color\/longitud<\/p>","protected":false},"excerpt":{"rendered":"<p>Keratin Fan Tip Hair, Fusion Y Tip Hair Extensions, Pre-bonded Fan-Tip Hair Extensions Fan-tip hair extensions use crochet hooks and<\/p>","protected":false},"featured_media":9926,"template":"","meta":[],"product_cat":[20,75],"product_tag":[],"class_list":{"0":"post-9924","1":"product","2":"type-product","3":"status-publish","4":"has-post-thumbnail","6":"product_cat-hair-extensions","7":"product_cat-keratin-hair-extensions","9":"first","10":"instock","11":"shipping-taxable","12":"purchasable","13":"product-type-simple"},"_links":{"self":[{"href":"https:\/\/www.everbeauting.com\/es\/wp-json\/wp\/v2\/product\/9924","targetHints":{"allow":["GET"]}}],"collection":[{"href":"https:\/\/www.everbeauting.com\/es\/wp-json\/wp\/v2\/product"}],"about":[{"href":"https:\/\/www.everbeauting.com\/es\/wp-json\/wp\/v2\/types\/product"}],"version-history":[{"count":1,"href":"https:\/\/www.everbeauting.com\/es\/wp-json\/wp\/v2\/product\/9924\/revisions"}],"predecessor-version":[{"id":9929,"href":"https:\/\/www.everbeauting.com\/es\/wp-json\/wp\/v2\/product\/9924\/revisions\/9929"}],"wp:featuredmedia":[{"embeddable":true,"href":"https:\/\/www.everbeauting.com\/es\/wp-json\/wp\/v2\/media\/9926"}],"wp:attachment":[{"href":"https:\/\/www.everbeauting.com\/es\/wp-json\/wp\/v2\/media?parent=9924"}],"wp:term":[{"taxonomy":"product_cat","embeddable":true,"href":"https:\/\/www.everbeauting.com\/es\/wp-json\/wp\/v2\/product_cat?post=9924"},{"taxonomy":"product_tag","embeddable":true,"href":"https:\/\/www.everbeauting.com\/es\/wp-json\/wp\/v2\/product_tag?post=9924"}],"curies":[{"name":"wp","href":"https:\/\/api.w.org\/{rel}","templated":true}]}}