{"id":9930,"date":"2023-06-07T22:25:27","date_gmt":"2023-06-07T14:25:27","guid":{"rendered":"https:\/\/www.everbeauting.com\/?post_type=product&#038;p=9930"},"modified":"2023-06-07T22:28:24","modified_gmt":"2023-06-07T14:28:24","slug":"pre-bonded-y-tip-hair","status":"publish","type":"product","link":"https:\/\/www.everbeauting.com\/es\/product\/prebonded-y-tip-hair","title":{"rendered":"Pelo en Y preencolado"},"content":{"rendered":"<p><strong>Cabello en Y con queratina, Extensiones de cabello en Y con fusi\u00f3n, Extensiones de cabello en Y pregrabadas\u00a0<\/strong><\/p>\n<p><strong>Las extensiones de pelo en abanico utilizan ganchillos y bucles de silicona para completar r\u00e1pidamente la extensi\u00f3n, son f\u00e1ciles de quitar y reutilizables.<\/strong><\/p>\n<p>Nombre del producto:  Punta de pelo en Y preencolada<\/p>\n<p>Forma preencolada:  Punta en Y<\/p>\n<p>Tama\u00f1o del paquete: 50 hebras por paquete, 2 paquetes por paquete<\/p>\n<p>Materias primas:  100% cabello humano remy<\/p>\n<p>Grado de cabello: cabello remy natural<\/p>\n<p>Longitud del cabello: disponible de 14 a 28 pulgadas<\/p>\n<p>Color de pelo: 50 colores en el anillo de color.<\/p>\n<p>Peso del pelo: 0,7 g por mech\u00f3n, 1 g por mech\u00f3n<\/p>\n<p>Hair Ratio:  Doble Dibujo<\/p>\n<p>Paquete: paquete de f\u00e1brica\/marca de los clientes<\/p>\n<p>MOQ: 20 paquetes\/color\/longitud<\/p>","protected":false},"excerpt":{"rendered":"<p>Cabello en Y con queratina, Extensiones de cabello en Y fusionadas, Extensiones de cabello en Y pregrabadas Las extensiones de cabello en abanico utilizan agujas de ganchillo<\/p>","protected":false},"featured_media":9931,"template":"","meta":[],"product_cat":[20,75],"product_tag":[],"class_list":{"0":"post-9930","1":"product","2":"type-product","3":"status-publish","4":"has-post-thumbnail","6":"product_cat-hair-extensions","7":"product_cat-keratin-hair-extensions","9":"first","10":"instock","11":"shipping-taxable","12":"purchasable","13":"product-type-simple"},"_links":{"self":[{"href":"https:\/\/www.everbeauting.com\/es\/wp-json\/wp\/v2\/product\/9930","targetHints":{"allow":["GET"]}}],"collection":[{"href":"https:\/\/www.everbeauting.com\/es\/wp-json\/wp\/v2\/product"}],"about":[{"href":"https:\/\/www.everbeauting.com\/es\/wp-json\/wp\/v2\/types\/product"}],"version-history":[{"count":1,"href":"https:\/\/www.everbeauting.com\/es\/wp-json\/wp\/v2\/product\/9930\/revisions"}],"predecessor-version":[{"id":9935,"href":"https:\/\/www.everbeauting.com\/es\/wp-json\/wp\/v2\/product\/9930\/revisions\/9935"}],"wp:featuredmedia":[{"embeddable":true,"href":"https:\/\/www.everbeauting.com\/es\/wp-json\/wp\/v2\/media\/9931"}],"wp:attachment":[{"href":"https:\/\/www.everbeauting.com\/es\/wp-json\/wp\/v2\/media?parent=9930"}],"wp:term":[{"taxonomy":"product_cat","embeddable":true,"href":"https:\/\/www.everbeauting.com\/es\/wp-json\/wp\/v2\/product_cat?post=9930"},{"taxonomy":"product_tag","embeddable":true,"href":"https:\/\/www.everbeauting.com\/es\/wp-json\/wp\/v2\/product_tag?post=9930"}],"curies":[{"name":"wp","href":"https:\/\/api.w.org\/{rel}","templated":true}]}}