{"id":9938,"date":"2023-06-09T10:19:12","date_gmt":"2023-06-09T02:19:12","guid":{"rendered":"https:\/\/www.everbeauting.com\/?post_type=product&#038;p=9938"},"modified":"2023-06-09T10:27:59","modified_gmt":"2023-06-09T02:27:59","slug":"nano-ring-hair","status":"publish","type":"product","link":"https:\/\/www.everbeauting.com\/es\/product\/nano-anillo-pelo","title":{"rendered":"Nano Ring Hair"},"content":{"rendered":"<p><strong>Nano Ring Hair Extensiones, Pre-bonded Nano Ring Hair, Tiny Ring Hair\u00a0<\/strong><\/p>\n<p><strong>El Nano Ring es 80% m\u00e1s peque\u00f1o que un Micro Ring est\u00e1ndar, por lo que se consigue una fijaci\u00f3n m\u00e1s discreta. Es el sistema de extensiones m\u00e1s indetectable que existe. Y es una soluci\u00f3n perfecta para a\u00f1adir longitudes.\u00a0<\/strong><\/p>\n<p>Nombre del producto\uff1a Extensi\u00f3n de pelo de anillo nano preencolado<\/p>\n<p>Tama\u00f1o del paquete: 50 hebras por paquete, 2 paquetes por paquete<\/p>\n<p>Materias primas: trenzas de cabello humano remy 100%<\/p>\n<p>Grado de cabello: cabello remy natural<\/p>\n<p>Longitud del cabello: disponible de 14 a 28 pulgadas<\/p>\n<p>Color de pelo: 50 colores en el anillo de color.<\/p>\n<p>Peso del pelo: 0,7 g por mech\u00f3n, 1 g por mech\u00f3n<\/p>\n<p>Hair Ratio :  Doble Dibujo<\/p>\n<p>Paquete: paquete de f\u00e1brica\/marca de los clientes<\/p>\n<p>MOQ: 20 paquetes\/color\/longitud<\/p>","protected":false},"excerpt":{"rendered":"<p>Nano Ring Hair Extensions, Pre-bonded Nano Ring Hair, Tiny Ring Hair El Nano Ring es 80% m\u00e1s peque\u00f1o que un est\u00e1ndar<\/p>","protected":false},"featured_media":9939,"template":"","meta":[],"product_cat":[20,75],"product_tag":[],"class_list":{"0":"post-9938","1":"product","2":"type-product","3":"status-publish","4":"has-post-thumbnail","6":"product_cat-hair-extensions","7":"product_cat-keratin-hair-extensions","9":"first","10":"instock","11":"shipping-taxable","12":"purchasable","13":"product-type-simple"},"_links":{"self":[{"href":"https:\/\/www.everbeauting.com\/es\/wp-json\/wp\/v2\/product\/9938","targetHints":{"allow":["GET"]}}],"collection":[{"href":"https:\/\/www.everbeauting.com\/es\/wp-json\/wp\/v2\/product"}],"about":[{"href":"https:\/\/www.everbeauting.com\/es\/wp-json\/wp\/v2\/types\/product"}],"version-history":[{"count":1,"href":"https:\/\/www.everbeauting.com\/es\/wp-json\/wp\/v2\/product\/9938\/revisions"}],"predecessor-version":[{"id":9942,"href":"https:\/\/www.everbeauting.com\/es\/wp-json\/wp\/v2\/product\/9938\/revisions\/9942"}],"wp:featuredmedia":[{"embeddable":true,"href":"https:\/\/www.everbeauting.com\/es\/wp-json\/wp\/v2\/media\/9939"}],"wp:attachment":[{"href":"https:\/\/www.everbeauting.com\/es\/wp-json\/wp\/v2\/media?parent=9938"}],"wp:term":[{"taxonomy":"product_cat","embeddable":true,"href":"https:\/\/www.everbeauting.com\/es\/wp-json\/wp\/v2\/product_cat?post=9938"},{"taxonomy":"product_tag","embeddable":true,"href":"https:\/\/www.everbeauting.com\/es\/wp-json\/wp\/v2\/product_tag?post=9938"}],"curies":[{"name":"wp","href":"https:\/\/api.w.org\/{rel}","templated":true}]}}