{"id":9943,"date":"2023-06-09T10:46:52","date_gmt":"2023-06-09T02:46:52","guid":{"rendered":"https:\/\/www.everbeauting.com\/?post_type=product&#038;p=9943"},"modified":"2023-06-09T10:50:39","modified_gmt":"2023-06-09T02:50:39","slug":"piano-nano-ring-hair","status":"publish","type":"product","link":"https:\/\/www.everbeauting.com\/es\/product\/piano-nano-ring-hair","title":{"rendered":"Piano Nano Ring Hair"},"content":{"rendered":"<p><strong>Piano Color Nano Ring Hair Extensions, Piano Pre-bonded Nano Ring Hair, Piano Tiny Ring Hair\u00a0<\/strong><\/p>\n<p><strong>Las extensiones de pelo Nano Ring utilizan la t\u00e9cnica sin pegamento m\u00e1s peque\u00f1a con una punta de queratina resistente que dura meses y se lleva durante mucho tiempo.<\/strong><\/p>\n<p>Nombre del producto: Piano Color Nano Ring Hair Extension<\/p>\n<p>Tama\u00f1o del paquete: 50 hebras por paquete, 2 paquetes por paquete<\/p>\n<p>Materias primas: trenzas de cabello humano remy 100%<\/p>\n<p>Grado de cabello: cabello remy natural<\/p>\n<p>Longitud del cabello: disponible de 14 a 28 pulgadas<\/p>\n<p>Color de pelo: 50 colores en el anillo de color.<\/p>\n<p>Peso del pelo: 0,7 g por mech\u00f3n, 1 g por mech\u00f3n<\/p>\n<p>Hair Ratio :  Doble Dibujo<\/p>\n<p>Paquete: paquete de f\u00e1brica\/marca de los clientes<\/p>\n<p>MOQ: 20 paquetes\/color\/longitud<\/p>","protected":false},"excerpt":{"rendered":"<p>Piano Color Nano Ring Hair Extensions, Piano Pre-bonded Nano Ring Hair, Piano Tiny Ring Hair Las extensiones de cabello Nano Ring utilizan el<\/p>","protected":false},"featured_media":9944,"template":"","meta":[],"product_cat":[20,75],"product_tag":[],"class_list":{"0":"post-9943","1":"product","2":"type-product","3":"status-publish","4":"has-post-thumbnail","6":"product_cat-hair-extensions","7":"product_cat-keratin-hair-extensions","9":"first","10":"instock","11":"shipping-taxable","12":"purchasable","13":"product-type-simple"},"_links":{"self":[{"href":"https:\/\/www.everbeauting.com\/es\/wp-json\/wp\/v2\/product\/9943","targetHints":{"allow":["GET"]}}],"collection":[{"href":"https:\/\/www.everbeauting.com\/es\/wp-json\/wp\/v2\/product"}],"about":[{"href":"https:\/\/www.everbeauting.com\/es\/wp-json\/wp\/v2\/types\/product"}],"version-history":[{"count":2,"href":"https:\/\/www.everbeauting.com\/es\/wp-json\/wp\/v2\/product\/9943\/revisions"}],"predecessor-version":[{"id":9948,"href":"https:\/\/www.everbeauting.com\/es\/wp-json\/wp\/v2\/product\/9943\/revisions\/9948"}],"wp:featuredmedia":[{"embeddable":true,"href":"https:\/\/www.everbeauting.com\/es\/wp-json\/wp\/v2\/media\/9944"}],"wp:attachment":[{"href":"https:\/\/www.everbeauting.com\/es\/wp-json\/wp\/v2\/media?parent=9943"}],"wp:term":[{"taxonomy":"product_cat","embeddable":true,"href":"https:\/\/www.everbeauting.com\/es\/wp-json\/wp\/v2\/product_cat?post=9943"},{"taxonomy":"product_tag","embeddable":true,"href":"https:\/\/www.everbeauting.com\/es\/wp-json\/wp\/v2\/product_tag?post=9943"}],"curies":[{"name":"wp","href":"https:\/\/api.w.org\/{rel}","templated":true}]}}