{"id":9956,"date":"2023-06-09T12:07:31","date_gmt":"2023-06-09T04:07:31","guid":{"rendered":"https:\/\/www.everbeauting.com\/?post_type=product&#038;p=9956"},"modified":"2023-06-09T12:11:32","modified_gmt":"2023-06-09T04:11:32","slug":"nano-tip-hair","status":"publish","type":"product","link":"https:\/\/www.everbeauting.com\/es\/product\/nano-punta-pelo","title":{"rendered":"Nano Tip Pelo"},"content":{"rendered":"<p><strong>Extensiones de pelo pregrabadas Nano Tip<\/strong><\/p>\n<p><strong>El anillo de nanopuntas es incre\u00edblemente peque\u00f1o y ligero, por lo que resulta muy c\u00f3modo de llevar. Ni siquiera notar\u00e1s que llevas extensiones.<\/strong><\/p>\n<p>Nombre del producto\uff1aPre-bonded Nano Tip Hair Extension<\/p>\n<p>Tama\u00f1o del paquete: 50 hebras por paquete, 2 paquetes por paquete<\/p>\n<p>Materias primas: trenzas de cabello humano remy 100%<\/p>\n<p>Grado de cabello: cabello remy natural<\/p>\n<p>Longitud del cabello: disponible de 14 a 28 pulgadas<\/p>\n<p>Color de pelo: 50 colores en el anillo de color.<\/p>\n<p>Peso del pelo: 0,7 g por mech\u00f3n, 1 g por mech\u00f3n<\/p>\n<p>Hair Ratio :  Doble Dibujo<\/p>\n<p>Paquete: paquete de f\u00e1brica\/marca de los clientes<\/p>\n<p>MOQ: 20 paquetes\/color\/longitud<\/p>","protected":false},"excerpt":{"rendered":"<p>Extensiones de pelo preencoladas de nano punta El anillo de nano punta es incre\u00edblemente peque\u00f1o y ligero, lo que significa que es muy<\/p>","protected":false},"featured_media":9957,"template":"","meta":[],"product_cat":[20,75],"product_tag":[],"class_list":{"0":"post-9956","1":"product","2":"type-product","3":"status-publish","4":"has-post-thumbnail","6":"product_cat-hair-extensions","7":"product_cat-keratin-hair-extensions","9":"first","10":"instock","11":"shipping-taxable","12":"purchasable","13":"product-type-simple"},"_links":{"self":[{"href":"https:\/\/www.everbeauting.com\/es\/wp-json\/wp\/v2\/product\/9956","targetHints":{"allow":["GET"]}}],"collection":[{"href":"https:\/\/www.everbeauting.com\/es\/wp-json\/wp\/v2\/product"}],"about":[{"href":"https:\/\/www.everbeauting.com\/es\/wp-json\/wp\/v2\/types\/product"}],"version-history":[{"count":1,"href":"https:\/\/www.everbeauting.com\/es\/wp-json\/wp\/v2\/product\/9956\/revisions"}],"predecessor-version":[{"id":9960,"href":"https:\/\/www.everbeauting.com\/es\/wp-json\/wp\/v2\/product\/9956\/revisions\/9960"}],"wp:featuredmedia":[{"embeddable":true,"href":"https:\/\/www.everbeauting.com\/es\/wp-json\/wp\/v2\/media\/9957"}],"wp:attachment":[{"href":"https:\/\/www.everbeauting.com\/es\/wp-json\/wp\/v2\/media?parent=9956"}],"wp:term":[{"taxonomy":"product_cat","embeddable":true,"href":"https:\/\/www.everbeauting.com\/es\/wp-json\/wp\/v2\/product_cat?post=9956"},{"taxonomy":"product_tag","embeddable":true,"href":"https:\/\/www.everbeauting.com\/es\/wp-json\/wp\/v2\/product_tag?post=9956"}],"curies":[{"name":"wp","href":"https:\/\/api.w.org\/{rel}","templated":true}]}}