{"id":9961,"date":"2023-06-09T12:11:55","date_gmt":"2023-06-09T04:11:55","guid":{"rendered":"https:\/\/www.everbeauting.com\/?post_type=product&#038;p=9961"},"modified":"2023-06-09T12:14:22","modified_gmt":"2023-06-09T04:14:22","slug":"piano-nano-tip-hair","status":"publish","type":"product","link":"https:\/\/www.everbeauting.com\/es\/product\/piano-nano-tip-pelo","title":{"rendered":"Piano Nano Tip Hair"},"content":{"rendered":"<p><strong>Extensiones Piano Nano Tip<\/strong><\/p>\n<p><strong>A diferencia de otros tipos de extensiones que pueden da\u00f1ar su cabello natural, las extensiones de nano puntas son totalmente seguras y no da\u00f1an el cabello. El proceso de instalaci\u00f3n es suave y no causar\u00e1 ning\u00fan da\u00f1o a su cabello.<\/strong><\/p>\n<p>Nombre del producto\uff1aPiano Nano Tip Hair Extension<\/p>\n<p>Tama\u00f1o del paquete: 50 hebras por paquete, 2 paquetes por paquete<\/p>\n<p>Materias primas: trenzas de cabello humano remy 100%<\/p>\n<p>Grado de cabello: cabello remy natural<\/p>\n<p>Longitud del cabello: disponible de 14 a 28 pulgadas<\/p>\n<p>Color de pelo: 50 colores en el anillo de color.<\/p>\n<p>Peso del pelo: 0,7 g por mech\u00f3n, 1 g por mech\u00f3n<\/p>\n<p>Hair Ratio :  Doble Dibujo<\/p>\n<p>Paquete: paquete de f\u00e1brica\/marca de los clientes<\/p>\n<p>MOQ: 20 paquetes\/color\/longitud<\/p>","protected":false},"excerpt":{"rendered":"<p>Extensiones de pelo Piano Nano Tip A diferencia de otros tipos de extensiones que pueden da\u00f1ar su cabello natural, las extensiones de pelo nano tip<\/p>","protected":false},"featured_media":9962,"template":"","meta":[],"product_cat":[20,75],"product_tag":[],"class_list":{"0":"post-9961","1":"product","2":"type-product","3":"status-publish","4":"has-post-thumbnail","6":"product_cat-hair-extensions","7":"product_cat-keratin-hair-extensions","9":"first","10":"instock","11":"shipping-taxable","12":"purchasable","13":"product-type-simple"},"_links":{"self":[{"href":"https:\/\/www.everbeauting.com\/es\/wp-json\/wp\/v2\/product\/9961","targetHints":{"allow":["GET"]}}],"collection":[{"href":"https:\/\/www.everbeauting.com\/es\/wp-json\/wp\/v2\/product"}],"about":[{"href":"https:\/\/www.everbeauting.com\/es\/wp-json\/wp\/v2\/types\/product"}],"version-history":[{"count":1,"href":"https:\/\/www.everbeauting.com\/es\/wp-json\/wp\/v2\/product\/9961\/revisions"}],"predecessor-version":[{"id":9965,"href":"https:\/\/www.everbeauting.com\/es\/wp-json\/wp\/v2\/product\/9961\/revisions\/9965"}],"wp:featuredmedia":[{"embeddable":true,"href":"https:\/\/www.everbeauting.com\/es\/wp-json\/wp\/v2\/media\/9962"}],"wp:attachment":[{"href":"https:\/\/www.everbeauting.com\/es\/wp-json\/wp\/v2\/media?parent=9961"}],"wp:term":[{"taxonomy":"product_cat","embeddable":true,"href":"https:\/\/www.everbeauting.com\/es\/wp-json\/wp\/v2\/product_cat?post=9961"},{"taxonomy":"product_tag","embeddable":true,"href":"https:\/\/www.everbeauting.com\/es\/wp-json\/wp\/v2\/product_tag?post=9961"}],"curies":[{"name":"wp","href":"https:\/\/api.w.org\/{rel}","templated":true}]}}