{"id":9973,"date":"2023-06-09T13:55:45","date_gmt":"2023-06-09T05:55:45","guid":{"rendered":"https:\/\/www.everbeauting.com\/?post_type=product&#038;p=9973"},"modified":"2023-06-09T14:01:31","modified_gmt":"2023-06-09T06:01:31","slug":"remy-hair-bulks","status":"publish","type":"product","link":"https:\/\/www.everbeauting.com\/es\/product\/remy-hair-bulks","title":{"rendered":"Mechones de Cabello Remy"},"content":{"rendered":"<p><b>Mechones de pelo\u00a0<\/b><\/p>\n<p><strong>Los mechones de pelo son una opci\u00f3n excelente para quien desee a\u00f1adir longitud, volumen y grosor a su cabello natural sin gastarse un dineral. Son vers\u00e1tiles, duraderos y de aspecto totalmente natural, lo que los convierte en una gran opci\u00f3n para cualquiera que desee realzar su belleza natural.<\/strong><\/p>\n<p>Nombre del producto : Remy double drawn human hair bulks<\/p>\n<p>Materias primas: trenzas de cabello humano remy 100%<\/p>\n<p>Tipo de cabello: cabello natural<\/p>\n<p>Longitud del cabello: disponible de 14 a 28 pulgadas<\/p>\n<p>Color de pelo: 50 colores en el anillo de color.<\/p>\n<p>Peso del pelo: 100 g por paquete<\/p>\n<p>Hair Ratio:  Doble Dibujo<\/p>\n<p>Paquete: paquete de f\u00e1brica\/marca de los clientes<\/p>\n<p>MOQ: 10 paquetes\/color\/longitud<\/p>","protected":false},"excerpt":{"rendered":"<p>Mechones de pelo Remy Los mechones de pelo son una excelente opci\u00f3n para quien desee a\u00f1adir longitud, volumen y grosor a su cabello.<\/p>","protected":false},"featured_media":9974,"template":"","meta":[],"product_cat":[20,79],"product_tag":[],"class_list":{"0":"post-9973","1":"product","2":"type-product","3":"status-publish","4":"has-post-thumbnail","6":"product_cat-hair-extensions","7":"product_cat-hair-bundle-series","9":"first","10":"instock","11":"shipping-taxable","12":"purchasable","13":"product-type-simple"},"_links":{"self":[{"href":"https:\/\/www.everbeauting.com\/es\/wp-json\/wp\/v2\/product\/9973","targetHints":{"allow":["GET"]}}],"collection":[{"href":"https:\/\/www.everbeauting.com\/es\/wp-json\/wp\/v2\/product"}],"about":[{"href":"https:\/\/www.everbeauting.com\/es\/wp-json\/wp\/v2\/types\/product"}],"version-history":[{"count":1,"href":"https:\/\/www.everbeauting.com\/es\/wp-json\/wp\/v2\/product\/9973\/revisions"}],"predecessor-version":[{"id":9977,"href":"https:\/\/www.everbeauting.com\/es\/wp-json\/wp\/v2\/product\/9973\/revisions\/9977"}],"wp:featuredmedia":[{"embeddable":true,"href":"https:\/\/www.everbeauting.com\/es\/wp-json\/wp\/v2\/media\/9974"}],"wp:attachment":[{"href":"https:\/\/www.everbeauting.com\/es\/wp-json\/wp\/v2\/media?parent=9973"}],"wp:term":[{"taxonomy":"product_cat","embeddable":true,"href":"https:\/\/www.everbeauting.com\/es\/wp-json\/wp\/v2\/product_cat?post=9973"},{"taxonomy":"product_tag","embeddable":true,"href":"https:\/\/www.everbeauting.com\/es\/wp-json\/wp\/v2\/product_tag?post=9973"}],"curies":[{"name":"wp","href":"https:\/\/api.w.org\/{rel}","templated":true}]}}